{"id":337,"date":"2011-01-01T12:15:22","date_gmt":"2011-01-01T12:15:22","guid":{"rendered":"http:\/\/zyletatest.sklw.info\/home\/?page_id=337"},"modified":"2011-01-02T19:18:24","modified_gmt":"2011-01-02T19:18:24","slug":"o-portalu-2","status":"publish","type":"page","link":"http:\/\/zyletatest.sklw.info\/?page_id=337","title":{"rendered":"O Portalu"},"content":{"rendered":"<p style=\"text-align: justify;\"><strong>Serwis <a href=\"http:\/\/zyletatest.sklw.info\/\">\u017byleta.info<\/a> powsta\u0142 jako miejsce, w kt&oacute;rym wszyscy zainteresowani kibicowskim \u017cyciem na trybunach warszawskiej Legii b\u0119d\u0105 mogli uzyska\u0107 informacje z pierwszej r\u0119ki. Tu sp\u0142ywaj\u0105 wszystkie og\u0142oszenia od nieformalnych grup kibicowskich, informacje o ich dzia\u0142aniach oraz komunikaty SKLW, go\u015bcinnie posiadaj\u0105cego u nas sw&oacute;j k\u0105t.<\/strong><\/p>\n<p style=\"text-align: justify;\">Ze wzgl\u0119du na wynikaj\u0105ce z r&oacute;\u017cnych przyczyn utrudnienia w komunikacji Stowarzyszenia z kibicami nieuczestnicz\u0105cymi w bie\u017c\u0105cym \u017cyciu zorganizowanego ruchu kibicowskiego naszego klubu, umie\u015bcili\u015bmy na portalu zak\u0142adk\u0119 z bezpo\u015brednim kontaktem z przedstawicielem SKLW. Kontakt z redakcj\u0105 s\u0142u\u017cy do korespondencji w sprawach zwi\u0105zanych z zawarto\u015bci\u0105 serwisu.<\/p>\n<p style=\"text-align: justify;\">Tre\u015bci zawarte w komentarzach s\u0105 pogl\u0105dami autor&oacute;w i nie wyra\u017caj\u0105 opinii Redakcji.<\/p>\n<p style=\"text-align: justify;\">Z upowa\u017cnienia grup kibicowskich,<\/p>\n<p style=\"text-align: justify;\">Redaktor<\/p>\n","protected":false},"excerpt":{"rendered":"<p>Serwis \u017byleta.info powsta\u0142 jako miejsce, w kt&oacute;rym wszyscy zainteresowani kibicowskim \u017cyciem na trybunach warszawskiej Legii b\u0119d\u0105 mogli uzyska\u0107 informacje z pierwszej r\u0119ki. Tu sp\u0142ywaj\u0105 wszystkie og\u0142oszenia od nieformalnych grup kibicowskich, informacje o ich dzia\u0142aniach oraz komunikaty SKLW, go\u015bcinnie posiadaj\u0105cego u nas sw&oacute;j k\u0105t.<br \/>\nZe wzgl\u0119du na wynikaj\u0105ce z r&oacute;\u017cnych przyczyn utrudnienia &#8230;<\/p>\n","protected":false},"author":1,"featured_media":0,"parent":0,"menu_order":0,"comment_status":"open","ping_status":"open","template":"","meta":[],"_links":{"self":[{"href":"http:\/\/zyletatest.sklw.info\/index.php?rest_route=\/wp\/v2\/pages\/337"}],"collection":[{"href":"http:\/\/zyletatest.sklw.info\/index.php?rest_route=\/wp\/v2\/pages"}],"about":[{"href":"http:\/\/zyletatest.sklw.info\/index.php?rest_route=\/wp\/v2\/types\/page"}],"author":[{"embeddable":true,"href":"http:\/\/zyletatest.sklw.info\/index.php?rest_route=\/wp\/v2\/users\/1"}],"replies":[{"embeddable":true,"href":"http:\/\/zyletatest.sklw.info\/index.php?rest_route=%2Fwp%2Fv2%2Fcomments&post=337"}],"version-history":[{"count":11,"href":"http:\/\/zyletatest.sklw.info\/index.php?rest_route=\/wp\/v2\/pages\/337\/revisions"}],"predecessor-version":[{"id":457,"href":"http:\/\/zyletatest.sklw.info\/index.php?rest_route=\/wp\/v2\/pages\/337\/revisions\/457"}],"wp:attachment":[{"href":"http:\/\/zyletatest.sklw.info\/index.php?rest_route=%2Fwp%2Fv2%2Fmedia&parent=337"}],"curies":[{"name":"wp","href":"https:\/\/api.w.org\/{rel}","templated":true}]}}