{"id":2,"date":"2010-12-22T08:58:35","date_gmt":"2010-12-22T08:58:35","guid":{"rendered":"http:\/\/zyletatest.sklw.info\/home\/?page_id=2"},"modified":"2015-03-10T09:56:04","modified_gmt":"2015-03-10T08:56:04","slug":"informacje","status":"publish","type":"page","link":"http:\/\/zyletatest.sklw.info\/?page_id=2","title":{"rendered":"Zasady na \u017bylecie"},"content":{"rendered":"<p style=\"text-align: justify;\">Zorganizowane grupy kibicowskie Legii Warszawa zapraszaj\u0105 wszystkich kibic\u00f3w do zapoznania si\u0119 z nieformalnym regulaminem \u017bylety\u00a0&#8211; trybuny p\u00f3\u0142nocnej. Wszyscy na \u017bylecie maj\u0105 obowi\u0105zek dopingowania. Osoby, kt\u00f3re przychodz\u0105 na stadion w innych celach proszone s\u0105 o zajmowanie miejsc na pozosta\u0142ych trybunach.<\/p>\n<p><!--more--><\/p>\n<p style=\"text-align: center;\"><a href=\"http:\/\/zyletatest.sklw.info\/wp-content\/uploads\/2011\/01\/zyleta_duza.jpg\"><img loading=\"lazy\" src=\"http:\/\/zyletatest.sklw.info\/wp-content\/uploads\/srodek1(4)(1)(1).jpg\" alt=\"\" width=\"350\" height=\"221\" \/><\/a><\/p>\n<p style=\"text-align: justify;\">Poni\u017csze zasady wprowadzone przez kibic\u00f3w nie zast\u0119puj\u0105 ani nie zmieniaj\u0105 regulaminu stadionowego.<\/p>\n<p style=\"text-align: justify;\">Trybuna ULTRAS, kt\u00f3ra mie\u015bci si\u0119 za bramk\u0105 to tzw. nowa \u017byleta. To w\u0142a\u015bnie na tej trybunie od strony ul. \u0141azienkowskiej znajdowa\u0107 si\u0119 b\u0119dzie serce stadionu Legii. W trosce o jak najg\u0142o\u015bniejsze bicie tego serca kibice z legijnych grup kibicowskich pragn\u0105 poinformowa\u0107 o zasadach jakie panowa\u0107 b\u0119d\u0105 na trybunie.<\/p>\n<p style=\"text-align: justify;\">1. Ka\u017cdy ma OBOWI\u0104ZEK \u015bpiewa\u0107 i zdziera\u0107 gard\u0142o dopinguj\u0105c najwi\u0119kszy klub Stolicy, Legi\u0119 Warszawa.<\/p>\n<p style=\"text-align: justify;\">2. Ka\u017cdy winien stosowa\u0107 si\u0119 do polece\u0144 gniazdowego, ultras\u00f3w oraz os\u00f3b decyzyjnych podczas dopingu i przygotowywania oprawy meczu.<\/p>\n<p style=\"text-align: justify;\">3. Str\u00f3j ka\u017cdego kibica Legii to bia\u0142a koszulka oraz szalik z jedynym herbem naszego klubu, czyli tym z 1957 roku. Nosimy wy\u0142\u0105cznie barwy Legii i zg\u00f3d. W przypadku klub\u00f3w zagranicznych dopuszczalne wi\u0119c s\u0105 koszulki, szaliki itp. wy\u0142\u0105cznie w barwach FC Den Haag.<\/p>\n<p style=\"text-align: justify;\">4. Ka\u017cdy ma obowi\u0105zek dumnie reprezentowa\u0107 Legi\u0119 r\u00f3wnie\u017c poza stadionem. Broni\u0107 honoru i flag ukochanego klubu Stolicy. Noszenie barw b\u0119d\u0105c pod wp\u0142ywem zbytniego upojenia alkoholowego nie jest godne kibica Legii.<\/p>\n<p style=\"text-align: justify;\">5. W trakcie meczu na \u017bylecie wszyscy stoj\u0105. Znajduj\u0105c si\u0119 na trybunie ULTRAS nale\u017cy pami\u0119ta\u0107, \u017ce najwa\u017cniejszy w trakcie meczu jest doping. Dlatego osoby, kt\u00f3re przychodz\u0105 na stadion w innych celach proszone s\u0105 o zajmowanie miejsc na pozosta\u0142ych trybunach.<\/p>\n<p style=\"text-align: justify;\">6. Kibice z niskim sta\u017cem meczowym proszeni s\u0105 o zajmowanie miejsc na bocznych sektorach trybuny ULTRAS.<\/p>\n<p style=\"text-align: justify;\">7. \u017byleta to nie Hollywood, ani wybieg mody w Pary\u017cu. W zwi\u0105zku z tym nie s\u0105 mile widziane osoby kr\u0119c\u0105ce bezproduktywne filmiki telefonami czy robi\u0105ce &#8222;s\u0142ita\u015bne fotki&#8221; na portale spo\u0142eczno\u015bciowe.<\/p>\n<p style=\"text-align: justify;\">Aktualizacja:<\/p>\n<p style=\"text-align: justify;\">Drodzy Kibice,<\/p>\n<p style=\"text-align: justify;\">Za nami pierwsza runda na nowej Zylecie. W trosce o coraz lepsz\u0105 organizacj\u0119 ruchu kibicowskiego na naszej trybunie, opracowali\u015bmy dla Was przed pocz\u0105tkiem trwaj\u0105cego sezonu ?Regulamin Zylety?. Dzi\u015b, bogatsi o kilkumiesi\u0119czne do\u015bwiadczenia zwi\u0105zane z poznaniem specyfiki nowego obiektu, pragniemy przedstawi\u0107 Wam szereg ustale\u0144 dotycz\u0105cych oflagowania trybuny, podj\u0119tych przez zorganizowane grupy kibicowskie:<\/p>\n<p>1) Wieszaniem i zdejmowaniem flag na stadionie zajmuje si\u0119 tylko i wy\u0142\u0105cznie grupa flagowych, wraz ze znanymi im, autoryzowanymi kibicami ze zorganizowanych grup kibicowskich.<\/p>\n<p style=\"text-align: justify;\">2) Ka\u017cdy z kibic\u00f3w jest odpowiedzialny za pilnowanie flag, w szczeg\u00f3lno\u015bci za\u015b tego, aby \u017cadna fana nie by\u0142a samowolnie przewieszana lub zdejmowana przez nieuprawnione do tego osoby. W przypadku zauwa\u017cenia takiej sytuacji, prosimy niezw\u0142ocznie informowa\u0107 o tym flagowych.<\/p>\n<p style=\"text-align: justify;\">3) Decyzj\u0119 o rozmieszczeniu flag na trybunie podejmuj\u0105 wy\u0142\u0105cznie flagowi wraz z upowa\u017cnionymi przez nich kibicami. Okre\u015blony rodzaj flag (g\u0142\u00f3wne, dzielnicowe, fanklubowe) b\u0119dzie mia\u0142 swoje konkretne miejsce na trybunie.<\/p>\n<p style=\"text-align: justify;\">4) Ka\u017cdy kibic jest zobowi\u0105zany szanowa\u0107 flagi i dba\u0107 o nie. W zwi\u0105zku z tym zwracajmy szczeg\u00f3ln\u0105 uwag\u0119 osobom, kt\u00f3re np. po strzelonej bramce wskakuj\u0105 na barierki, bowiem w kilku przypadkach skutkowa\u0142o to oberwaniem trok\u00f3w. Kibice, kt\u00f3rzy swoim zachowaniem spowoduj\u0105 szkody w oflagowaniu, zostan\u0105 obci\u0105\u017ceni kosztami jego naprawy.<\/p>\n<p style=\"text-align: justify;\">5) W trosce o jako\u015b\u0107 i wysoki poziom graficzny projektowanych flag, prosimy o konsultowanie projekt\u00f3w z kibicami odpowiedzialnymi za oflagowanie. Je\u015bli zajdzie taka potrzeba, zorganizowane grupy kibicowskie s\u0142u\u017c\u0105 swoj\u0105 pomoc\u0105 w projektowaniu i realizacji flag lub innych gad\u017cet\u00f3w.<\/p>\n<p style=\"text-align: justify;\">6) Bezpiecze\u0144stwo naszych barw jest spraw\u0105 priorytetow\u0105, dlatego te\u017c informujemy, \u017ce nie ma mo\u017cliwo\u015bci zabrania po meczu swojej flagi do domu. Odbi\u00f3r danej flagi dzielnicowej lub fan klubowej (np. do uprania lub naprawy)mo\u017ce nast\u0105pi\u0107 tylko po wcze\u015bniejszym uzgodnieniu terminu z flagowymi przez znanego i upowa\u017cnionego kibica z danej dzielnicy b\u0105d\u017a FC (najlepiej osoby odpowiedzialnej za zapisy na wyjazdach).<\/p>\n<p style=\"text-align: justify;\">7) Kibice z danej dzielnicy b\u0105d\u017a FC, pragn\u0105cy wywiesi\u0107 swoj\u0105 flag\u0119 na danym meczu, proszeni s\u0105 o kontakt z flagowymi najp\u00f3\u017aniej dzie\u0144 przed meczem.<\/p>\n<p style=\"text-align: justify;\">8) Na dzie\u0144 dzisiejszy wszelkie atrybuty zorganizowanego ruchu kibicowskiego znajduj\u0105 swoje miejsce wy\u0142\u0105cznie na \u017bylecie. Jeste\u015bmy w trakcie opracowywania zasad umo\u017cliwiaj\u0105cych bezproblemowe i bezpieczne wieszanie flag na pozosta\u0142ych trybunach stadionu Legii. O ewentualnych zmianach kibice b\u0119d\u0105 informowani na bie\u017c\u0105co.<\/p>\n<p>Ze wszystkimi pytaniami, problemami i informacjami, nie tylko dotycz\u0105cymi oflagowania, prosimy kierowa\u0107 si\u0119 pod ?gniazdo? ? tam uzyskacie odpowiedzi na nurtuj\u0105ce Was kwestie od kompetentnych i odpowiedzialnych kibic\u00f3w. Zach\u0119camy r\u00f3wnie\u017c do korzystania z <strong><a href=\"..\/?page_id=21\">formularza kontaktowego z SKLW<\/a>,<\/strong> znajduj\u0105cego si\u0119 na stronie <strong><a href=\"..\/\">www.zyletatest.sklw.info<\/a><\/strong>.<\/p>\n<p>Z kibicowskim pozdrowieniem,<\/p>\n<p style=\"text-align: justify;\">Grupy kibicowskie Legii Warszawa<\/p>\n<p style=\"text-align: justify;\"><em><br \/>\n<\/em><\/p>\n","protected":false},"excerpt":{"rendered":"<p>Zorganizowane grupy kibicowskie Legii Warszawa zapraszaj\u0105 wszystkich kibic\u00f3w do zapoznania si\u0119 z nieformalnym regulaminem \u017bylety\u00a0&#8211; trybuny p\u00f3\u0142nocnej. Wszyscy na \u017bylecie maj\u0105 obowi\u0105zek dopingowania. Osoby, kt\u00f3re przychodz\u0105 na stadion w innych celach proszone s\u0105 o zajmowanie miejsc na pozosta\u0142ych trybunach.<\/p>\n","protected":false},"author":4,"featured_media":0,"parent":0,"menu_order":0,"comment_status":"open","ping_status":"open","template":"","meta":[],"_links":{"self":[{"href":"http:\/\/zyletatest.sklw.info\/index.php?rest_route=\/wp\/v2\/pages\/2"}],"collection":[{"href":"http:\/\/zyletatest.sklw.info\/index.php?rest_route=\/wp\/v2\/pages"}],"about":[{"href":"http:\/\/zyletatest.sklw.info\/index.php?rest_route=\/wp\/v2\/types\/page"}],"author":[{"embeddable":true,"href":"http:\/\/zyletatest.sklw.info\/index.php?rest_route=\/wp\/v2\/users\/4"}],"replies":[{"embeddable":true,"href":"http:\/\/zyletatest.sklw.info\/index.php?rest_route=%2Fwp%2Fv2%2Fcomments&post=2"}],"version-history":[{"count":13,"href":"http:\/\/zyletatest.sklw.info\/index.php?rest_route=\/wp\/v2\/pages\/2\/revisions"}],"predecessor-version":[{"id":5711,"href":"http:\/\/zyletatest.sklw.info\/index.php?rest_route=\/wp\/v2\/pages\/2\/revisions\/5711"}],"wp:attachment":[{"href":"http:\/\/zyletatest.sklw.info\/index.php?rest_route=%2Fwp%2Fv2%2Fmedia&parent=2"}],"curies":[{"name":"wp","href":"https:\/\/api.w.org\/{rel}","templated":true}]}}